{"id":2567,"date":"2023-11-03T09:20:35","date_gmt":"2023-11-03T09:20:35","guid":{"rendered":"https:\/\/www.michielsgebroeders.be\/?page_id=2567"},"modified":"2023-11-03T17:36:55","modified_gmt":"2023-11-03T17:36:55","slug":"privacybeleid","status":"publish","type":"page","link":"https:\/\/www.gebroedersmichiels.be\/de\/privacybeleid\/","title":{"rendered":"Datenschutzbestimmungen"},"content":{"rendered":"<div data-elementor-type=\"wp-page\" data-elementor-id=\"2567\" class=\"elementor elementor-2567\" data-elementor-settings=\"{&quot;ha_cmc_init_switcher&quot;:&quot;no&quot;}\" data-elementor-post-type=\"page\">\n\t\t\t\t<div class=\"elementor-element elementor-element-45d7b99 e-flex e-con-boxed e-con e-parent\" data-id=\"45d7b99\" data-element_type=\"container\" data-e-type=\"container\" data-settings=\"{&quot;background_background&quot;:&quot;classic&quot;,&quot;_ha_eqh_enable&quot;:false}\">\n\t\t\t\t\t<div class=\"e-con-inner\">\n\t\t\t\t<div class=\"elementor-element elementor-element-ccf7cd8 elementor-widget elementor-widget-heading\" data-id=\"ccf7cd8\" data-element_type=\"widget\" data-e-type=\"widget\" data-widget_type=\"heading.default\">\n\t\t\t\t<div class=\"elementor-widget-container\">\n\t\t\t\t\t<h1 class=\"elementor-heading-title elementor-size-default\">Datenschutzbestimmungen<\/h1>\t\t\t\t<\/div>\n\t\t\t\t<\/div>\n\t\t\t\t\t<\/div>\n\t\t\t\t<\/div>\n\t\t<div class=\"elementor-element elementor-element-e908d54 e-flex e-con-boxed e-con e-parent\" data-id=\"e908d54\" data-element_type=\"container\" data-e-type=\"container\" data-settings=\"{&quot;_ha_eqh_enable&quot;:false}\">\n\t\t\t\t\t<div class=\"e-con-inner\">\n\t\t\t\t<div class=\"elementor-element elementor-element-6f18a1a elementor-widget elementor-widget-text-editor\" data-id=\"6f18a1a\" data-element_type=\"widget\" data-e-type=\"widget\" data-widget_type=\"text-editor.default\">\n\t\t\t\t<div class=\"elementor-widget-container\">\n\t\t\t\t\t\t\t\t\t<p><strong>Diese Seite wurde zuletzt am 03\/11\/2023 ge\u00e4ndert.<\/strong><br \/>Wir sind uns bewusst, dass Sie uns Ihr Vertrauen schenken. Wir sehen es daher als unsere Verantwortung an, Ihre Privatsph\u00e4re zu sch\u00fctzen.<br \/>Auf dieser Seite erfahren Sie, welche Daten wir sammeln, wenn Sie unsere Website nutzen, warum wir diese Daten sammeln und wie wir sie verwenden, um Ihr Nutzererlebnis zu verbessern. So verstehen Sie genau, wie wir arbeiten.<br \/>Diese Datenschutzrichtlinie gilt f\u00fcr die Dienste von Gebroeders Michiels. Sie sollten sich dar\u00fcber im Klaren sein, dass Gebroeders Michiels nicht f\u00fcr die Datenschutzrichtlinien anderer Websites und Quellen verantwortlich ist.<br \/>Durch die Nutzung dieser Website erkl\u00e4ren Sie sich mit den Datenschutzbestimmungen einverstanden. Gebroeders Michiels respektiert die Privatsph\u00e4re aller Nutzer seiner Website und stellt sicher, dass die von Ihnen zur Verf\u00fcgung gestellten pers\u00f6nlichen Daten vertraulich behandelt werden.<\/p><h3><br \/>UNSERE VERWENDUNG DER ERHOBENEN DATEN<\/h3><p>Wenn Sie sich f\u00fcr einen unserer Dienste anmelden, bitten wir Sie um die Angabe pers\u00f6nlicher Daten. Diese Daten werden verwendet, um die Dienstleistung zu erbringen. Die Daten werden auf den eigenen sicheren Servern von Gebroeders Michiels oder auf denen eines Dritten gespeichert.<br \/>Wir werden diese Daten nicht mit anderen personenbezogenen Daten in unserem Besitz kombinieren. Kommunikation Wenn Sie uns E-Mails oder andere Nachrichten schicken, k\u00f6nnen wir diese Nachrichten aufbewahren.<br \/>Manchmal werden wir Sie um Ihre pers\u00f6nlichen Daten bitten, die f\u00fcr die jeweilige Situation relevant sind. Dies erm\u00f6glicht es uns, Ihre Fragen zu bearbeiten und auf Ihre Anfragen zu antworten. Die Daten werden auf den eigenen sicheren Servern von Gebroeders Michiels oder auf denen eines Dritten gespeichert. <br \/>Wir sammeln Daten zu Forschungszwecken, um unsere Besucher besser zu verstehen, damit wir unsere Dienstleistungen besser auf die Bed\u00fcrfnisse und Anforderungen unserer Kunden und Kontakte im Allgemeinen abstimmen k\u00f6nnen.<br \/>Diese Website verwendet \"Cookies\" (Textdateien, die auf Ihrem Computer gespeichert werden), um zu analysieren, wie die Benutzer die Website nutzen. Die durch den Cookie erzeugten Informationen \u00fcber Ihre Nutzung der Website k\u00f6nnen an die eigenen sicheren Server von Gebroeders Michiels oder an die eines Dritten \u00fcbertragen werden.<br \/>Wir verwenden diese Informationen, um zu verfolgen, wie Sie die Website nutzen, um Berichte \u00fcber die Website-Aktivit\u00e4ten zusammenzustellen und um weitere mit der Website- und Internetnutzung verbundene Dienstleistungen anzubieten.<\/p><h3>ZIELE<\/h3><p>Wir sammeln oder verwenden keine Informationen f\u00fcr andere als die in dieser Datenschutzrichtlinie beschriebenen Zwecke, es sei denn, wir haben Ihre vorherige Zustimmung eingeholt.<\/p><h3>DREIZEHN<\/h3><p>Die Informationen werden nicht an Dritte weitergegeben. In einigen F\u00e4llen k\u00f6nnen die Informationen intern weitergegeben werden. Unsere Mitarbeiter sind verpflichtet, die Vertraulichkeit Ihrer Daten zu wahren.<br \/>Wir verwenden Cookies, die von einer Javascript-Datei von Google Analytics generiert werden, um Gebroeders Michiels mit statistischen Daten \u00fcber die Besucher der Website und ihr Surfverhalten zu versorgen. Weitere Informationen dazu finden Sie auf dieser Seite mit Informationen zum Datenschutz.<\/p><h3>\u00c4NDERUNGEN<\/h3><p>Diese Datenschutzerkl\u00e4rung ist auf die Nutzung und die Funktionen dieser Website zugeschnitten. Jegliche Anpassungen und\/oder \u00c4nderungen an dieser Website k\u00f6nnen zu \u00c4nderungen an dieser Datenschutzerkl\u00e4rung f\u00fchren. Es ist daher ratsam, diese Datenschutzerkl\u00e4rung regelm\u00e4\u00dfig zu lesen.<\/p><h3>AUSWAHLM\u00d6GLICHKEITEN F\u00dcR PERSONENBEZOGENE DATEN<\/h3><p>Wir bieten allen Besuchern die M\u00f6glichkeit, die uns zur Verf\u00fcgung gestellten pers\u00f6nlichen Daten einzusehen, zu \u00e4ndern oder zu l\u00f6schen. Newsletter-Service anpassen\/abbestellen Am Ende jedes (E-)Mailings finden Sie die M\u00f6glichkeit, Ihre Daten anzupassen oder sich abzumelden. Kommunikation anpassen\/abbestellen Wenn Sie Ihre Daten anpassen oder aus unseren Dateien l\u00f6schen lassen m\u00f6chten, wenden Sie sich bitte an uns. Siehe Kontaktangaben unten.<\/p><h3>COOKIES DEAKTIVIEREN<\/h3><p>Die meisten Browser sind so eingestellt, dass sie Cookies standardm\u00e4\u00dfig akzeptieren, aber Sie k\u00f6nnen Ihren Browser so einstellen, dass er alle Cookies ablehnt oder anzeigt, wenn ein Cookie gesendet wird. Allerdings k\u00f6nnen einige Funktionen und Dienste auf unserer und anderen Websites nicht richtig funktionieren, wenn Cookies in Ihrem Browser deaktiviert sind.<\/p><h2>FRAGEN UND R\u00dcCKMELDUNGEN<\/h2><p>Wir \u00fcberpr\u00fcfen regelm\u00e4\u00dfig die Einhaltung dieser Datenschutzrichtlinie. Wenn Sie Fragen zu dieser Datenschutzrichtlinie haben, kontaktieren Sie uns bitte:<br \/>Kempenarestraat 50A\/1<br \/>2860 St. Katelijne Wavre<br \/>Belgien<br \/>+32 (0)15 569 227<br \/>info@gebroedersmichiels.be<br \/>BE 0445 247 123<\/p><p>\u00a0<\/p>\t\t\t\t\t\t\t\t<\/div>\n\t\t\t\t<\/div>\n\t\t\t\t\t<\/div>\n\t\t\t\t<\/div>\n\t\t\t\t<\/div>","protected":false},"excerpt":{"rendered":"<p>Privacybeleid Deze pagina is voor het laatst aangepast op 03\/11\/2023.Wij zijn er van bewust dat u vertrouwen stelt in ons. Wij zien het dan ook als onze verantwoordelijkheid om uw privacy te beschermen.Op deze pagina laten we u weten welke gegevens we verzamelen als u onze website gebruikt, waarom we deze gegevens verzamelen en hoe [&hellip;]<\/p>\n","protected":false},"author":2,"featured_media":0,"parent":0,"menu_order":0,"comment_status":"closed","ping_status":"closed","template":"","meta":{"_seopress_robots_primary_cat":"","_seopress_titles_title":"","_seopress_titles_desc":"","_seopress_robots_index":"","footnotes":""},"class_list":["post-2567","page","type-page","status-publish","hentry"],"_links":{"self":[{"href":"https:\/\/www.gebroedersmichiels.be\/de\/wp-json\/wp\/v2\/pages\/2567","targetHints":{"allow":["GET"]}}],"collection":[{"href":"https:\/\/www.gebroedersmichiels.be\/de\/wp-json\/wp\/v2\/pages"}],"about":[{"href":"https:\/\/www.gebroedersmichiels.be\/de\/wp-json\/wp\/v2\/types\/page"}],"author":[{"embeddable":true,"href":"https:\/\/www.gebroedersmichiels.be\/de\/wp-json\/wp\/v2\/users\/2"}],"replies":[{"embeddable":true,"href":"https:\/\/www.gebroedersmichiels.be\/de\/wp-json\/wp\/v2\/comments?post=2567"}],"version-history":[{"count":7,"href":"https:\/\/www.gebroedersmichiels.be\/de\/wp-json\/wp\/v2\/pages\/2567\/revisions"}],"predecessor-version":[{"id":2794,"href":"https:\/\/www.gebroedersmichiels.be\/de\/wp-json\/wp\/v2\/pages\/2567\/revisions\/2794"}],"wp:attachment":[{"href":"https:\/\/www.gebroedersmichiels.be\/de\/wp-json\/wp\/v2\/media?parent=2567"}],"curies":[{"name":"wp","href":"https:\/\/api.w.org\/{rel}","templated":true}]}}