{"id":2505,"date":"2023-10-25T07:54:11","date_gmt":"2023-10-25T07:54:11","guid":{"rendered":"https:\/\/www.michielsgebroeders.be\/?page_id=2505"},"modified":"2023-11-11T08:10:44","modified_gmt":"2023-11-11T08:10:44","slug":"ons-bedrijf","status":"publish","type":"page","link":"https:\/\/www.gebroedersmichiels.be\/de\/ons-bedrijf\/","title":{"rendered":"Unser Unternehmen"},"content":{"rendered":"<div data-elementor-type=\"wp-page\" data-elementor-id=\"2505\" class=\"elementor elementor-2505\" data-elementor-settings=\"{&quot;ha_cmc_init_switcher&quot;:&quot;no&quot;}\" data-elementor-post-type=\"page\">\n\t\t\t\t<div class=\"elementor-element elementor-element-2543a16 e-flex e-con-boxed e-con e-parent\" data-id=\"2543a16\" data-element_type=\"container\" data-e-type=\"container\" data-settings=\"{&quot;background_background&quot;:&quot;classic&quot;,&quot;_ha_eqh_enable&quot;:false}\">\n\t\t\t\t\t<div class=\"e-con-inner\">\n\t\t\t\t<div class=\"elementor-element elementor-element-9f3d0d6 elementor-widget elementor-widget-heading\" data-id=\"9f3d0d6\" data-element_type=\"widget\" data-e-type=\"widget\" data-widget_type=\"heading.default\">\n\t\t\t\t<div class=\"elementor-widget-container\">\n\t\t\t\t\t<h1 class=\"elementor-heading-title elementor-size-default\">Vom Feld auf den Teller<\/h1>\t\t\t\t<\/div>\n\t\t\t\t<\/div>\n\t\t\t\t<div class=\"elementor-element elementor-element-5784ea1 elementor-widget elementor-widget-heading\" data-id=\"5784ea1\" data-element_type=\"widget\" data-e-type=\"widget\" data-widget_type=\"heading.default\">\n\t\t\t\t<div class=\"elementor-widget-container\">\n\t\t\t\t\t<div class=\"elementor-heading-title elementor-size-default\">Ein Familienunternehmen, das einen umfassenden Service bietet<\/div>\t\t\t\t<\/div>\n\t\t\t\t<\/div>\n\t\t\t\t<div class=\"elementor-element elementor-element-848b8a7 elementor-widget elementor-widget-text-editor\" data-id=\"848b8a7\" data-element_type=\"widget\" data-e-type=\"widget\" data-widget_type=\"text-editor.default\">\n\t\t\t\t<div class=\"elementor-widget-container\">\n\t\t\t\t\t\t\t\t\t<p>Gebroeders Michiels ist mit Leib und Seele ein Familienunternehmen, das seine Kunden v\u00f6llig entlastet. <br \/>Als renommierter Exporteur von Obst und Gem\u00fcse liefern wir t\u00e4glich frische Produkte in ganz Deutschland.\u00a0<\/p><p>Unser engagiertes Team k\u00fcmmert sich nicht nur um den Verkauf, sondern auch um die korrekte Abwicklung aller administrativen Vorg\u00e4nge und die Auslieferung der Bestellung an den Kunden selbst. Bei den Gebr\u00fcdern Michiels k\u00f6nnen Sie sich auf einen kompletten Service verlassen, der Ihnen alle Sorgen aus den H\u00e4nden nimmt.<\/p>\t\t\t\t\t\t\t\t<\/div>\n\t\t\t\t<\/div>\n\t\t\t\t\t<\/div>\n\t\t\t\t<\/div>\n\t\t<div class=\"elementor-element elementor-element-4291fcb e-flex e-con-boxed e-con e-parent\" data-id=\"4291fcb\" data-element_type=\"container\" data-e-type=\"container\" data-settings=\"{&quot;_ha_eqh_enable&quot;:false}\">\n\t\t\t\t\t<div class=\"e-con-inner\">\n\t\t<div class=\"elementor-element elementor-element-08950aa e-con-full e-flex e-con e-child\" data-id=\"08950aa\" data-element_type=\"container\" data-e-type=\"container\" data-settings=\"{&quot;background_background&quot;:&quot;classic&quot;,&quot;_ha_eqh_enable&quot;:false}\">\n\t\t\t\t<div class=\"elementor-element elementor-element-9a5b81b elementor-widget elementor-widget-image\" data-id=\"9a5b81b\" data-element_type=\"widget\" data-e-type=\"widget\" data-widget_type=\"image.default\">\n\t\t\t\t<div class=\"elementor-widget-container\">\n\t\t\t\t\t\t\t\t\t\t\t\t\t\t\t<img fetchpriority=\"high\" decoding=\"async\" width=\"800\" height=\"534\" src=\"https:\/\/www.gebroedersmichiels.be\/wp-content\/uploads\/2023\/11\/Gebroeder-michiels-4-1024x683.jpg\" class=\"attachment-large size-large wp-image-2558\" alt=\"\" srcset=\"https:\/\/www.gebroedersmichiels.be\/wp-content\/uploads\/2023\/11\/Gebroeder-michiels-4-1024x683.jpg 1024w, https:\/\/www.gebroedersmichiels.be\/wp-content\/uploads\/2023\/11\/Gebroeder-michiels-4-300x200.jpg 300w, https:\/\/www.gebroedersmichiels.be\/wp-content\/uploads\/2023\/11\/Gebroeder-michiels-4-768x512.jpg 768w, https:\/\/www.gebroedersmichiels.be\/wp-content\/uploads\/2023\/11\/Gebroeder-michiels-4.jpg 1151w\" sizes=\"(max-width: 800px) 100vw, 800px\" \/>\t\t\t\t\t\t\t\t\t\t\t\t\t\t\t<\/div>\n\t\t\t\t<\/div>\n\t\t\t\t<\/div>\n\t\t<div class=\"elementor-element elementor-element-9ffa612 e-con-full e-flex e-con e-child\" data-id=\"9ffa612\" data-element_type=\"container\" data-e-type=\"container\" data-settings=\"{&quot;_ha_eqh_enable&quot;:false}\">\n\t\t\t\t<div class=\"elementor-element elementor-element-cf459aa elementor-widget elementor-widget-heading\" data-id=\"cf459aa\" data-element_type=\"widget\" data-e-type=\"widget\" data-widget_type=\"heading.default\">\n\t\t\t\t<div class=\"elementor-widget-container\">\n\t\t\t\t\t<h2 class=\"elementor-heading-title elementor-size-default\">Gebr\u00fcder Michiels in Zahlen\n<\/h2>\t\t\t\t<\/div>\n\t\t\t\t<\/div>\n\t\t\t\t<div class=\"elementor-element elementor-element-b7e4c3c elementor-widget elementor-widget-text-editor\" data-id=\"b7e4c3c\" data-element_type=\"widget\" data-e-type=\"widget\" data-widget_type=\"text-editor.default\">\n\t\t\t\t<div class=\"elementor-widget-container\">\n\t\t\t\t\t\t\t\t\t<p>Wir von Gebr. Michiels stehen mit voller \u00dcberzeugung hinter unseren Produkten. Und das ist keine leere Behauptung.\u00a0<\/p><p>Mit ma\u00dfgeschneiderten Programmen liefern wir unseren Kunden genau das, was sie wollen, wann sie es wollen und auf die Art, die sie bevorzugen. T\u00e4glich frisch und mit garantiert hoher Qualit\u00e4t.\u00a0<\/p>\t\t\t\t\t\t\t\t<\/div>\n\t\t\t\t<\/div>\n\t\t\t\t<\/div>\n\t\t\t\t\t<\/div>\n\t\t\t\t<\/div>\n\t\t<div class=\"elementor-element elementor-element-0b57cc3 e-flex e-con-boxed e-con e-parent\" data-id=\"0b57cc3\" data-element_type=\"container\" data-e-type=\"container\" data-settings=\"{&quot;_ha_eqh_enable&quot;:false}\">\n\t\t\t\t\t<div class=\"e-con-inner\">\n\t\t\t\t<div class=\"elementor-element elementor-element-e3bed8c elementor-widget__width-initial elementor-widget-mobile__width-inherit elementor-view-default elementor-position-block-start elementor-mobile-position-block-start ha-has-bg-overlay elementor-widget elementor-widget-icon-box\" data-id=\"e3bed8c\" data-element_type=\"widget\" data-e-type=\"widget\" data-widget_type=\"icon-box.default\">\n\t\t\t\t<div class=\"elementor-widget-container\">\n\t\t\t\t\t\t\t<div class=\"elementor-icon-box-wrapper\">\n\n\t\t\t\t\t\t<div class=\"elementor-icon-box-icon\">\n\t\t\t\t<span  class=\"elementor-icon\">\n\t\t\t\t<i aria-hidden=\"true\" class=\"far fa-grin-beam\"><\/i>\t\t\t\t<\/span>\n\t\t\t<\/div>\n\t\t\t\n\t\t\t\t\t\t<div class=\"elementor-icon-box-content\">\n\n\t\t\t\t\t\t\t\t\t<h3 class=\"elementor-icon-box-title\">\n\t\t\t\t\t\t<span  >\n\t\t\t\t\t\t\t100% Kundenzufriedenheit\t\t\t\t\t\t<\/span>\n\t\t\t\t\t<\/h3>\n\t\t\t\t\n\t\t\t\t\t\t\t\t\t<p class=\"elementor-icon-box-description\">\n\t\t\t\t\t\tWir sprechen die Sprache des Kunden und sind bestrebt, unsere Kunden mit unseren Angeboten und unserem Service voll zufrieden zu stellen. \t\t\t\t\t<\/p>\n\t\t\t\t\n\t\t\t<\/div>\n\t\t\t\n\t\t<\/div>\n\t\t\t\t\t\t<\/div>\n\t\t\t\t<\/div>\n\t\t\t\t<div class=\"elementor-element elementor-element-1a621f7 elementor-widget__width-initial elementor-widget-mobile__width-inherit elementor-view-default elementor-position-block-start elementor-mobile-position-block-start ha-has-bg-overlay elementor-widget elementor-widget-icon-box\" data-id=\"1a621f7\" data-element_type=\"widget\" data-e-type=\"widget\" data-widget_type=\"icon-box.default\">\n\t\t\t\t<div class=\"elementor-widget-container\">\n\t\t\t\t\t\t\t<div class=\"elementor-icon-box-wrapper\">\n\n\t\t\t\t\t\t<div class=\"elementor-icon-box-icon\">\n\t\t\t\t<span  class=\"elementor-icon\">\n\t\t\t\t<i aria-hidden=\"true\" class=\"fas fa-ruler-horizontal\"><\/i>\t\t\t\t<\/span>\n\t\t\t<\/div>\n\t\t\t\n\t\t\t\t\t\t<div class=\"elementor-icon-box-content\">\n\n\t\t\t\t\t\t\t\t\t<h3 class=\"elementor-icon-box-title\">\n\t\t\t\t\t\t<span  >\n\t\t\t\t\t\t\tMa\u00dfgeschneiderte Programme\t\t\t\t\t\t<\/span>\n\t\t\t\t\t<\/h3>\n\t\t\t\t\n\t\t\t\t\t\t\t\t\t<p class=\"elementor-icon-box-description\">\n\t\t\t\t\t\tTagespreis, Wochenpreis oder saisonaler Preis? Feste Mengen? Spezielle Verpackung? Wir k\u00fcmmern uns darum!\t\t\t\t\t<\/p>\n\t\t\t\t\n\t\t\t<\/div>\n\t\t\t\n\t\t<\/div>\n\t\t\t\t\t\t<\/div>\n\t\t\t\t<\/div>\n\t\t\t\t<div class=\"elementor-element elementor-element-01fc998 elementor-widget__width-initial elementor-widget-mobile__width-inherit elementor-view-default elementor-position-block-start elementor-mobile-position-block-start ha-has-bg-overlay elementor-widget elementor-widget-icon-box\" data-id=\"01fc998\" data-element_type=\"widget\" data-e-type=\"widget\" data-widget_type=\"icon-box.default\">\n\t\t\t\t<div class=\"elementor-widget-container\">\n\t\t\t\t\t\t\t<div class=\"elementor-icon-box-wrapper\">\n\n\t\t\t\t\t\t<div class=\"elementor-icon-box-icon\">\n\t\t\t\t<span  class=\"elementor-icon\">\n\t\t\t\t<i aria-hidden=\"true\" class=\"fas fa-hand-holding-heart\"><\/i>\t\t\t\t<\/span>\n\t\t\t<\/div>\n\t\t\t\n\t\t\t\t\t\t<div class=\"elementor-icon-box-content\">\n\n\t\t\t\t\t\t\t\t\t<h3 class=\"elementor-icon-box-title\">\n\t\t\t\t\t\t<span  >\n\t\t\t\t\t\t\tHohe Qualit\u00e4tsstandards\t\t\t\t\t\t<\/span>\n\t\t\t\t\t<\/h3>\n\t\t\t\t\n\t\t\t\t\t\t\t\t\t<p class=\"elementor-icon-box-description\">\n\t\t\t\t\t\tUnsere Produkte werden sorgf\u00e4ltig ausgew\u00e4hlt und erf\u00fcllen strenge Qualit\u00e4tsanforderungen, um eine gleichbleibend hohe Qualit\u00e4t zu gew\u00e4hrleisten.\t\t\t\t\t<\/p>\n\t\t\t\t\n\t\t\t<\/div>\n\t\t\t\n\t\t<\/div>\n\t\t\t\t\t\t<\/div>\n\t\t\t\t<\/div>\n\t\t\t\t<div class=\"elementor-element elementor-element-107e84e elementor-widget__width-initial elementor-widget-mobile__width-inherit elementor-view-default elementor-position-block-start elementor-mobile-position-block-start ha-has-bg-overlay elementor-widget elementor-widget-icon-box\" data-id=\"107e84e\" data-element_type=\"widget\" data-e-type=\"widget\" data-widget_type=\"icon-box.default\">\n\t\t\t\t<div class=\"elementor-widget-container\">\n\t\t\t\t\t\t\t<div class=\"elementor-icon-box-wrapper\">\n\n\t\t\t\t\t\t<div class=\"elementor-icon-box-icon\">\n\t\t\t\t<span  class=\"elementor-icon\">\n\t\t\t\t<i aria-hidden=\"true\" class=\"fas fa-calendar-day\"><\/i>\t\t\t\t<\/span>\n\t\t\t<\/div>\n\t\t\t\n\t\t\t\t\t\t<div class=\"elementor-icon-box-content\">\n\n\t\t\t\t\t\t\t\t\t<h3 class=\"elementor-icon-box-title\">\n\t\t\t\t\t\t<span  >\n\t\t\t\t\t\t\tT\u00e4glich frische Lieferungen\t\t\t\t\t\t<\/span>\n\t\t\t\t\t<\/h3>\n\t\t\t\t\n\t\t\t\t\t\t\t\t\t<p class=\"elementor-icon-box-description\">\n\t\t\t\t\t\tAlle unsere Produkte werden t\u00e4glich ultrafrisch zu uns gebracht und so schnell wie m\u00f6glich an unsere Kunden ausgeliefert.\t\t\t\t\t<\/p>\n\t\t\t\t\n\t\t\t<\/div>\n\t\t\t\n\t\t<\/div>\n\t\t\t\t\t\t<\/div>\n\t\t\t\t<\/div>\n\t\t\t\t<div class=\"elementor-element elementor-element-0b68dc5 elementor-widget__width-initial elementor-widget-mobile__width-inherit elementor-view-default elementor-position-block-start elementor-mobile-position-block-start ha-has-bg-overlay elementor-widget elementor-widget-icon-box\" data-id=\"0b68dc5\" data-element_type=\"widget\" data-e-type=\"widget\" data-widget_type=\"icon-box.default\">\n\t\t\t\t<div class=\"elementor-widget-container\">\n\t\t\t\t\t\t\t<div class=\"elementor-icon-box-wrapper\">\n\n\t\t\t\t\t\t<div class=\"elementor-icon-box-icon\">\n\t\t\t\t<span  class=\"elementor-icon\">\n\t\t\t\t<i aria-hidden=\"true\" class=\"fas fa-truck\"><\/i>\t\t\t\t<\/span>\n\t\t\t<\/div>\n\t\t\t\n\t\t\t\t\t\t<div class=\"elementor-icon-box-content\">\n\n\t\t\t\t\t\t\t\t\t<h3 class=\"elementor-icon-box-title\">\n\t\t\t\t\t\t<span  >\n\t\t\t\t\t\t\tZuverl\u00e4ssige Lieferungen\t\t\t\t\t\t<\/span>\n\t\t\t\t\t<\/h3>\n\t\t\t\t\n\t\t\t\t\t\t\t\t\t<p class=\"elementor-icon-box-description\">\n\t\t\t\t\t\tGebroeders Michiels ist bekannt f\u00fcr seine zuverl\u00e4ssigen und p\u00fcnktlichen Lieferungen, so dass sich die Kunden auf uns verlassen k\u00f6nnen.\t\t\t\t\t<\/p>\n\t\t\t\t\n\t\t\t<\/div>\n\t\t\t\n\t\t<\/div>\n\t\t\t\t\t\t<\/div>\n\t\t\t\t<\/div>\n\t\t\t\t<div class=\"elementor-element elementor-element-1cad74f elementor-widget__width-initial elementor-widget-mobile__width-inherit ha-has-bg-overlay elementor-widget elementor-widget-icon-box\" data-id=\"1cad74f\" data-element_type=\"widget\" data-e-type=\"widget\" data-widget_type=\"icon-box.default\">\n\t\t\t\t<div class=\"elementor-widget-container\">\n\t\t\t\t\t\t\t<div class=\"elementor-icon-box-wrapper\">\n\n\t\t\t\n\t\t\t\t\t\t<div class=\"elementor-icon-box-content\">\n\n\t\t\t\t\n\t\t\t\t\t\t\t\t\t<p class=\"elementor-icon-box-description\">\n\t\t\t\t\t\tBei Michiels Brothers glauben wir an Transparenz und an die Erzielung von Ergebnissen.<br><br>\nDies verdeutlicht unser Engagement f\u00fcr Spitzenleistungen in allen Bereichen unserer Dienstleistungen.\t\t\t\t\t<\/p>\n\t\t\t\t\n\t\t\t<\/div>\n\t\t\t\n\t\t<\/div>\n\t\t\t\t\t\t<\/div>\n\t\t\t\t<\/div>\n\t\t\t\t\t<\/div>\n\t\t\t\t<\/div>\n\t\t<div class=\"elementor-element elementor-element-678e90c e-flex e-con-boxed e-con e-parent\" data-id=\"678e90c\" data-element_type=\"container\" data-e-type=\"container\" data-settings=\"{&quot;background_background&quot;:&quot;classic&quot;,&quot;_ha_eqh_enable&quot;:false}\">\n\t\t\t\t\t<div class=\"e-con-inner\">\n\t\t<div class=\"elementor-element elementor-element-202eafe e-con-full e-flex e-con e-child\" data-id=\"202eafe\" data-element_type=\"container\" data-e-type=\"container\" data-settings=\"{&quot;background_background&quot;:&quot;classic&quot;,&quot;_ha_eqh_enable&quot;:false}\">\n\t\t\t\t<div class=\"elementor-element elementor-element-ba640f0 elementor-widget elementor-widget-image\" data-id=\"ba640f0\" data-element_type=\"widget\" data-e-type=\"widget\" data-widget_type=\"image.default\">\n\t\t\t\t<div class=\"elementor-widget-container\">\n\t\t\t\t\t\t\t\t\t\t\t\t\t\t\t<img decoding=\"async\" width=\"800\" height=\"533\" src=\"https:\/\/www.gebroedersmichiels.be\/wp-content\/uploads\/2023\/11\/seldertelen.jpg\" class=\"attachment-large size-large wp-image-2973\" alt=\"\" srcset=\"https:\/\/www.gebroedersmichiels.be\/wp-content\/uploads\/2023\/11\/seldertelen.jpg 900w, https:\/\/www.gebroedersmichiels.be\/wp-content\/uploads\/2023\/11\/seldertelen-300x200.jpg 300w, https:\/\/www.gebroedersmichiels.be\/wp-content\/uploads\/2023\/11\/seldertelen-768x512.jpg 768w, https:\/\/www.gebroedersmichiels.be\/wp-content\/uploads\/2023\/11\/seldertelen-18x12.jpg 18w\" sizes=\"(max-width: 800px) 100vw, 800px\" \/>\t\t\t\t\t\t\t\t\t\t\t\t\t\t\t<\/div>\n\t\t\t\t<\/div>\n\t\t\t\t<div class=\"elementor-element elementor-element-6c01be5 elementor-widget__width-initial ha-has-bg-overlay elementor-widget elementor-widget-heading\" data-id=\"6c01be5\" data-element_type=\"widget\" data-e-type=\"widget\" data-widget_type=\"heading.default\">\n\t\t\t\t<div class=\"elementor-widget-container\">\n\t\t\t\t\t<h3 class=\"elementor-heading-title elementor-size-default\">14 Mitarbeiter, 1 Team<\/h3>\t\t\t\t<\/div>\n\t\t\t\t<\/div>\n\t\t\t\t<div class=\"elementor-element elementor-element-0357a29 elementor-widget elementor-widget-text-editor\" data-id=\"0357a29\" data-element_type=\"widget\" data-e-type=\"widget\" data-widget_type=\"text-editor.default\">\n\t\t\t\t<div class=\"elementor-widget-container\">\n\t\t\t\t\t\t\t\t\t<p>Nicht Quantit\u00e4t, sondern Qualit\u00e4t setzt sich durch. Das gilt auch f\u00fcr das Team hinter Gebroeders Michiels. Unsere 14 Mitarbeiter sind M\u00e4nner und Frauen aller Altersgruppen. Was haben sie gemeinsam?\u00a0<\/p><p>Sie sind ein Profi in ihrem Job. Vom engagierten Lagerleiter bis zum Logistik-Sprachgenie. Wir sprechen die Sprache unserer Kunden - w\u00f6rtlich und im \u00fcbertragenen Sinne.<\/p>\t\t\t\t\t\t\t\t<\/div>\n\t\t\t\t<\/div>\n\t\t\t\t<\/div>\n\t\t<div class=\"elementor-element elementor-element-ecb2504 e-con-full e-flex e-con e-child\" data-id=\"ecb2504\" data-element_type=\"container\" data-e-type=\"container\" data-settings=\"{&quot;background_background&quot;:&quot;classic&quot;,&quot;_ha_eqh_enable&quot;:false}\">\n\t\t\t\t<div class=\"elementor-element elementor-element-ae5d37e elementor-widget elementor-widget-image\" data-id=\"ae5d37e\" data-element_type=\"widget\" data-e-type=\"widget\" data-widget_type=\"image.default\">\n\t\t\t\t<div class=\"elementor-widget-container\">\n\t\t\t\t\t\t\t\t\t\t\t\t\t\t\t<img decoding=\"async\" width=\"800\" height=\"534\" src=\"https:\/\/www.gebroedersmichiels.be\/wp-content\/uploads\/2023\/11\/fmblogistics.jpg\" class=\"attachment-large size-large wp-image-2966\" alt=\"\" srcset=\"https:\/\/www.gebroedersmichiels.be\/wp-content\/uploads\/2023\/11\/fmblogistics.jpg 899w, https:\/\/www.gebroedersmichiels.be\/wp-content\/uploads\/2023\/11\/fmblogistics-300x200.jpg 300w, https:\/\/www.gebroedersmichiels.be\/wp-content\/uploads\/2023\/11\/fmblogistics-768x513.jpg 768w, https:\/\/www.gebroedersmichiels.be\/wp-content\/uploads\/2023\/11\/fmblogistics-18x12.jpg 18w\" sizes=\"(max-width: 800px) 100vw, 800px\" \/>\t\t\t\t\t\t\t\t\t\t\t\t\t\t\t<\/div>\n\t\t\t\t<\/div>\n\t\t\t\t<div class=\"elementor-element elementor-element-16a014a elementor-widget__width-initial ha-has-bg-overlay elementor-widget elementor-widget-heading\" data-id=\"16a014a\" data-element_type=\"widget\" data-e-type=\"widget\" data-widget_type=\"heading.default\">\n\t\t\t\t<div class=\"elementor-widget-container\">\n\t\t\t\t\t<h3 class=\"elementor-heading-title elementor-size-default\">Stark in der Logistik<\/h3>\t\t\t\t<\/div>\n\t\t\t\t<\/div>\n\t\t\t\t<div class=\"elementor-element elementor-element-69cb23a elementor-widget elementor-widget-text-editor\" data-id=\"69cb23a\" data-element_type=\"widget\" data-e-type=\"widget\" data-widget_type=\"text-editor.default\">\n\t\t\t\t<div class=\"elementor-widget-container\">\n\t\t\t\t\t\t\t\t\t<p>Bei Gebroeders h\u00f6rt der Service nicht mit dem Verkauf an den Kunden auf. Das Wichtigste ist, alles p\u00fcnktlich und sch\u00f6n zu liefern, jeden Tag.&nbsp;<\/p>\n<p>Wir tun dies mit unserem eigenen modernen Fuhrpark und starken Logistikpartnerschaften, denn nur so haben wir die maximale Kontrolle und k\u00f6nnen dies zu einem angemessenen Preis tun.<\/p>\t\t\t\t\t\t\t\t<\/div>\n\t\t\t\t<\/div>\n\t\t\t\t<\/div>\n\t\t\t\t\t<\/div>\n\t\t\t\t<\/div>\n\t\t\t\t<\/div>","protected":false},"excerpt":{"rendered":"<p>Van het veld op je bord Een familiebedrijf dat volledige ontzorging biedt Gebroeders Michiels is een familiebedrijf in hart en nieren dat zijn klanten volledig ontzorgt. Als gerenommeerd exporteur van groenten en fruit leveren wij dagelijks verse producten door heel Duitsland.\u00a0 Ons toegewijde team zorgt niet alleen voor de verkoop, maar ook voor de correcte [&hellip;]<\/p>\n","protected":false},"author":2,"featured_media":0,"parent":0,"menu_order":0,"comment_status":"closed","ping_status":"closed","template":"","meta":{"_seopress_robots_primary_cat":"","_seopress_titles_title":"","_seopress_titles_desc":"","_seopress_robots_index":"","footnotes":""},"class_list":["post-2505","page","type-page","status-publish","hentry"],"_links":{"self":[{"href":"https:\/\/www.gebroedersmichiels.be\/de\/wp-json\/wp\/v2\/pages\/2505","targetHints":{"allow":["GET"]}}],"collection":[{"href":"https:\/\/www.gebroedersmichiels.be\/de\/wp-json\/wp\/v2\/pages"}],"about":[{"href":"https:\/\/www.gebroedersmichiels.be\/de\/wp-json\/wp\/v2\/types\/page"}],"author":[{"embeddable":true,"href":"https:\/\/www.gebroedersmichiels.be\/de\/wp-json\/wp\/v2\/users\/2"}],"replies":[{"embeddable":true,"href":"https:\/\/www.gebroedersmichiels.be\/de\/wp-json\/wp\/v2\/comments?post=2505"}],"version-history":[{"count":61,"href":"https:\/\/www.gebroedersmichiels.be\/de\/wp-json\/wp\/v2\/pages\/2505\/revisions"}],"predecessor-version":[{"id":3017,"href":"https:\/\/www.gebroedersmichiels.be\/de\/wp-json\/wp\/v2\/pages\/2505\/revisions\/3017"}],"wp:attachment":[{"href":"https:\/\/www.gebroedersmichiels.be\/de\/wp-json\/wp\/v2\/media?parent=2505"}],"curies":[{"name":"wp","href":"https:\/\/api.w.org\/{rel}","templated":true}]}}