{"id":2499,"date":"2023-10-25T07:53:40","date_gmt":"2023-10-25T07:53:40","guid":{"rendered":"https:\/\/www.michielsgebroeders.be\/?page_id=2499"},"modified":"2023-11-22T10:19:13","modified_gmt":"2023-11-22T10:19:13","slug":"klanten","status":"publish","type":"page","link":"https:\/\/www.gebroedersmichiels.be\/de\/klanten\/","title":{"rendered":"Kunden"},"content":{"rendered":"<div data-elementor-type=\"wp-page\" data-elementor-id=\"2499\" class=\"elementor elementor-2499\" data-elementor-settings=\"{&quot;ha_cmc_init_switcher&quot;:&quot;no&quot;}\" data-elementor-post-type=\"page\">\n\t\t\t\t<div class=\"elementor-element elementor-element-a1a643c e-flex e-con-boxed e-con e-parent\" data-id=\"a1a643c\" data-element_type=\"container\" data-e-type=\"container\" data-settings=\"{&quot;background_background&quot;:&quot;classic&quot;,&quot;_ha_eqh_enable&quot;:false}\">\n\t\t\t\t\t<div class=\"e-con-inner\">\n\t\t\t\t<div class=\"elementor-element elementor-element-752c8af elementor-widget elementor-widget-heading\" data-id=\"752c8af\" data-element_type=\"widget\" data-e-type=\"widget\" data-widget_type=\"heading.default\">\n\t\t\t\t<div class=\"elementor-widget-container\">\n\t\t\t\t\t<h1 class=\"elementor-heading-title elementor-size-default\">T\u00e4glich frisch, im Handumdrehen\n<\/h1>\t\t\t\t<\/div>\n\t\t\t\t<\/div>\n\t\t\t\t<div class=\"elementor-element elementor-element-cc929c3 elementor-widget elementor-widget-text-editor\" data-id=\"cc929c3\" data-element_type=\"widget\" data-e-type=\"widget\" data-widget_type=\"text-editor.default\">\n\t\t\t\t<div class=\"elementor-widget-container\">\n\t\t\t\t\t\t\t\t\t<p>Jeden Tag liefert Gebroeders Michiels gro\u00dfe Mengen an frischem Obst und Gem\u00fcse in ganz Deutschland aus. Dank der t\u00e4glichen Lieferung von Obst und Gem\u00fcse direkt vom Feld. Keine Lagerhaltung, sondern superschnelle Logistik und eine kurze, effiziente Distributionskette, alles in eigener Regie.<\/p>\t\t\t\t\t\t\t\t<\/div>\n\t\t\t\t<\/div>\n\t\t\t\t\t<\/div>\n\t\t\t\t<\/div>\n\t\t<div class=\"elementor-element elementor-element-b6901dc e-flex e-con-boxed e-con e-parent\" data-id=\"b6901dc\" data-element_type=\"container\" data-e-type=\"container\" data-settings=\"{&quot;_ha_eqh_enable&quot;:false}\">\n\t\t\t\t\t<div class=\"e-con-inner\">\n\t\t<div class=\"elementor-element elementor-element-d3709c1 e-con-full e-flex e-con e-child\" data-id=\"d3709c1\" data-element_type=\"container\" data-e-type=\"container\" data-settings=\"{&quot;background_background&quot;:&quot;classic&quot;,&quot;_ha_eqh_enable&quot;:false}\">\n\t\t\t\t<div class=\"elementor-element elementor-element-b8ea40d elementor-widget elementor-widget-image\" data-id=\"b8ea40d\" data-element_type=\"widget\" data-e-type=\"widget\" data-widget_type=\"image.default\">\n\t\t\t\t<div class=\"elementor-widget-container\">\n\t\t\t\t\t\t\t\t\t\t\t\t\t\t\t<img fetchpriority=\"high\" decoding=\"async\" width=\"800\" height=\"533\" src=\"https:\/\/www.gebroedersmichiels.be\/wp-content\/uploads\/2023\/11\/grossmarkstuttgart.jpg\" class=\"attachment-large size-large wp-image-2986\" alt=\"\" srcset=\"https:\/\/www.gebroedersmichiels.be\/wp-content\/uploads\/2023\/11\/grossmarkstuttgart.jpg 900w, https:\/\/www.gebroedersmichiels.be\/wp-content\/uploads\/2023\/11\/grossmarkstuttgart-300x200.jpg 300w, https:\/\/www.gebroedersmichiels.be\/wp-content\/uploads\/2023\/11\/grossmarkstuttgart-768x512.jpg 768w, https:\/\/www.gebroedersmichiels.be\/wp-content\/uploads\/2023\/11\/grossmarkstuttgart-18x12.jpg 18w\" sizes=\"(max-width: 800px) 100vw, 800px\" \/>\t\t\t\t\t\t\t\t\t\t\t\t\t\t\t<\/div>\n\t\t\t\t<\/div>\n\t\t\t\t<\/div>\n\t\t<div class=\"elementor-element elementor-element-fefc177 e-con-full e-flex e-con e-child\" data-id=\"fefc177\" data-element_type=\"container\" data-e-type=\"container\" data-settings=\"{&quot;_ha_eqh_enable&quot;:false}\">\n\t\t\t\t<div class=\"elementor-element elementor-element-47b1da5 elementor-widget elementor-widget-heading\" data-id=\"47b1da5\" data-element_type=\"widget\" data-e-type=\"widget\" data-widget_type=\"heading.default\">\n\t\t\t\t<div class=\"elementor-widget-container\">\n\t\t\t\t\t<h2 class=\"elementor-heading-title elementor-size-default\">Ma\u00dfgeschneidertes Angebot\n<\/h2>\t\t\t\t<\/div>\n\t\t\t\t<\/div>\n\t\t\t\t<div class=\"elementor-element elementor-element-4d5e1de elementor-widget elementor-widget-text-editor\" data-id=\"4d5e1de\" data-element_type=\"widget\" data-e-type=\"widget\" data-widget_type=\"text-editor.default\">\n\t\t\t\t<div class=\"elementor-widget-container\">\n\t\t\t\t\t\t\t\t\t<p>Seitdem ist das Familienunternehmen erheblich gewachsen, aber der pers\u00f6nliche Ansatz der ersten Tage ist geblieben.\u00a0<\/p><p>Gebroeders Michiels ist f\u00fcr seine Kunden da: leicht erreichbar, mit einem perfekt auf die Kunden zugeschnittenen Angebot und einem tadellosen Service.<\/p>\t\t\t\t\t\t\t\t<\/div>\n\t\t\t\t<\/div>\n\t\t\t\t<\/div>\n\t\t\t\t\t<\/div>\n\t\t\t\t<\/div>\n\t\t<div class=\"elementor-element elementor-element-bd69fc5 e-flex e-con-boxed e-con e-parent\" data-id=\"bd69fc5\" data-element_type=\"container\" data-e-type=\"container\" data-settings=\"{&quot;background_background&quot;:&quot;classic&quot;,&quot;_ha_eqh_enable&quot;:false}\">\n\t\t\t\t\t<div class=\"e-con-inner\">\n\t\t<div class=\"elementor-element elementor-element-21eaa1f e-con-full e-flex e-con e-child\" data-id=\"21eaa1f\" data-element_type=\"container\" data-e-type=\"container\" data-settings=\"{&quot;_ha_eqh_enable&quot;:false}\">\n\t\t\t\t<div class=\"elementor-element elementor-element-c3a3ee7 elementor-widget elementor-widget-heading\" data-id=\"c3a3ee7\" data-element_type=\"widget\" data-e-type=\"widget\" data-widget_type=\"heading.default\">\n\t\t\t\t<div class=\"elementor-widget-container\">\n\t\t\t\t\t<h2 class=\"elementor-heading-title elementor-size-default\">Aus dem Herzen der wichtigsten Anbauregionen<\/h2>\t\t\t\t<\/div>\n\t\t\t\t<\/div>\n\t\t\t\t<div class=\"elementor-element elementor-element-846e66c elementor-widget elementor-widget-text-editor\" data-id=\"846e66c\" data-element_type=\"widget\" data-e-type=\"widget\" data-widget_type=\"text-editor.default\">\n\t\t\t\t<div class=\"elementor-widget-container\">\n\t\t\t\t\t\t\t\t\t<p>Das pulsierende Herz von Gebroeders Michiels liegt in Sint-Katelijne Waver. Mitten in einem der gr\u00f6\u00dften Gew\u00e4chshausanbaugebiete Europas.<\/p><p>Aber auch anderes Obst und Gem\u00fcse wird t\u00e4glich frisch geliefert: Gebroeders Michiels ist in allen Regionen Belgiens vertreten und holt alles in k\u00fcrzester Zeit mit unserer eigenen Logistik ab.<\/p>\t\t\t\t\t\t\t\t<\/div>\n\t\t\t\t<\/div>\n\t\t\t\t<\/div>\n\t\t<div class=\"elementor-element elementor-element-e4d20df e-con-full e-flex e-con e-child\" data-id=\"e4d20df\" data-element_type=\"container\" data-e-type=\"container\" data-settings=\"{&quot;background_background&quot;:&quot;classic&quot;,&quot;_ha_eqh_enable&quot;:false}\">\n\t\t\t\t<div class=\"elementor-element elementor-element-982c3d8 elementor-widget elementor-widget-image\" data-id=\"982c3d8\" data-element_type=\"widget\" data-e-type=\"widget\" data-widget_type=\"image.default\">\n\t\t\t\t<div class=\"elementor-widget-container\">\n\t\t\t\t\t\t\t\t\t\t\t\t\t\t\t<img decoding=\"async\" width=\"800\" height=\"533\" src=\"https:\/\/www.gebroedersmichiels.be\/wp-content\/uploads\/2023\/11\/serreteeltkatelijne.jpg\" class=\"attachment-large size-large wp-image-2977\" alt=\"\" srcset=\"https:\/\/www.gebroedersmichiels.be\/wp-content\/uploads\/2023\/11\/serreteeltkatelijne.jpg 900w, https:\/\/www.gebroedersmichiels.be\/wp-content\/uploads\/2023\/11\/serreteeltkatelijne-300x200.jpg 300w, https:\/\/www.gebroedersmichiels.be\/wp-content\/uploads\/2023\/11\/serreteeltkatelijne-768x512.jpg 768w, https:\/\/www.gebroedersmichiels.be\/wp-content\/uploads\/2023\/11\/serreteeltkatelijne-18x12.jpg 18w\" sizes=\"(max-width: 800px) 100vw, 800px\" \/>\t\t\t\t\t\t\t\t\t\t\t\t\t\t\t<\/div>\n\t\t\t\t<\/div>\n\t\t\t\t<\/div>\n\t\t\t\t\t<\/div>\n\t\t\t\t<\/div>\n\t\t<div class=\"elementor-element elementor-element-2717be9 e-flex e-con-boxed e-con e-parent\" data-id=\"2717be9\" data-element_type=\"container\" data-e-type=\"container\" data-settings=\"{&quot;_ha_eqh_enable&quot;:false}\">\n\t\t\t\t\t<div class=\"e-con-inner\">\n\t\t<div class=\"elementor-element elementor-element-af9635f e-con-full e-flex e-con e-child\" data-id=\"af9635f\" data-element_type=\"container\" data-e-type=\"container\" data-settings=\"{&quot;background_background&quot;:&quot;classic&quot;,&quot;_ha_eqh_enable&quot;:false}\">\n\t\t\t\t<div class=\"elementor-element elementor-element-080d9b0 elementor-widget elementor-widget-image\" data-id=\"080d9b0\" data-element_type=\"widget\" data-e-type=\"widget\" data-widget_type=\"image.default\">\n\t\t\t\t<div class=\"elementor-widget-container\">\n\t\t\t\t\t\t\t\t\t\t\t\t\t\t\t<img decoding=\"async\" width=\"800\" height=\"533\" src=\"https:\/\/www.gebroedersmichiels.be\/wp-content\/uploads\/2023\/11\/knolseldertelen.jpg\" class=\"attachment-large size-large wp-image-2972\" alt=\"\" srcset=\"https:\/\/www.gebroedersmichiels.be\/wp-content\/uploads\/2023\/11\/knolseldertelen.jpg 900w, https:\/\/www.gebroedersmichiels.be\/wp-content\/uploads\/2023\/11\/knolseldertelen-300x200.jpg 300w, https:\/\/www.gebroedersmichiels.be\/wp-content\/uploads\/2023\/11\/knolseldertelen-768x512.jpg 768w, https:\/\/www.gebroedersmichiels.be\/wp-content\/uploads\/2023\/11\/knolseldertelen-18x12.jpg 18w\" sizes=\"(max-width: 800px) 100vw, 800px\" \/>\t\t\t\t\t\t\t\t\t\t\t\t\t\t\t<\/div>\n\t\t\t\t<\/div>\n\t\t\t\t<\/div>\n\t\t<div class=\"elementor-element elementor-element-6547818 e-con-full e-flex e-con e-child\" data-id=\"6547818\" data-element_type=\"container\" data-e-type=\"container\" data-settings=\"{&quot;_ha_eqh_enable&quot;:false}\">\n\t\t\t\t<div class=\"elementor-element elementor-element-2d1cfa8 elementor-widget elementor-widget-heading\" data-id=\"2d1cfa8\" data-element_type=\"widget\" data-e-type=\"widget\" data-widget_type=\"heading.default\">\n\t\t\t\t<div class=\"elementor-widget-container\">\n\t\t\t\t\t<h2 class=\"elementor-heading-title elementor-size-default\">Langfristige Vision\n<\/h2>\t\t\t\t<\/div>\n\t\t\t\t<\/div>\n\t\t\t\t<div class=\"elementor-element elementor-element-0e2b228 elementor-widget elementor-widget-text-editor\" data-id=\"0e2b228\" data-element_type=\"widget\" data-e-type=\"widget\" data-widget_type=\"text-editor.default\">\n\t\t\t\t<div class=\"elementor-widget-container\">\n\t\t\t\t\t\t\t\t\t<p>Wie Z\u00fcchter und Versteigerungen sind auch die Kunden bei Gebr\u00fcder Michiels langfristige Partner. Ein Wort ist ein Wort und Vereinbarungen sind heilig. Offenheit und Vertrauen sind wichtig und liegen in unserer DNA. Und davon profitieren die Kunden Tag f\u00fcr Tag.<\/p>\t\t\t\t\t\t\t\t<\/div>\n\t\t\t\t<\/div>\n\t\t\t\t<\/div>\n\t\t\t\t\t<\/div>\n\t\t\t\t<\/div>\n\t\t\t\t<\/div>","protected":false},"excerpt":{"rendered":"<p>Dagvers, in een mum van tijd Gebroeders Michiels levert iedere dag opnieuw grote volumes verse groenten en fruit overal in Duitsland. Dankzij dagelijkse aanvoer van groenten en fruit, recht van het veld. Geen stockage van goederen, wel een supersnelle logistiek en een korte, effici\u00ebnte distributieketen, allemaal in eigen beheer. Aanbod op maat Het familiebedrijf is [&hellip;]<\/p>\n","protected":false},"author":2,"featured_media":0,"parent":0,"menu_order":0,"comment_status":"closed","ping_status":"closed","template":"","meta":{"_seopress_robots_primary_cat":"","_seopress_titles_title":"","_seopress_titles_desc":"","_seopress_robots_index":"","footnotes":""},"class_list":["post-2499","page","type-page","status-publish","hentry"],"_links":{"self":[{"href":"https:\/\/www.gebroedersmichiels.be\/de\/wp-json\/wp\/v2\/pages\/2499","targetHints":{"allow":["GET"]}}],"collection":[{"href":"https:\/\/www.gebroedersmichiels.be\/de\/wp-json\/wp\/v2\/pages"}],"about":[{"href":"https:\/\/www.gebroedersmichiels.be\/de\/wp-json\/wp\/v2\/types\/page"}],"author":[{"embeddable":true,"href":"https:\/\/www.gebroedersmichiels.be\/de\/wp-json\/wp\/v2\/users\/2"}],"replies":[{"embeddable":true,"href":"https:\/\/www.gebroedersmichiels.be\/de\/wp-json\/wp\/v2\/comments?post=2499"}],"version-history":[{"count":28,"href":"https:\/\/www.gebroedersmichiels.be\/de\/wp-json\/wp\/v2\/pages\/2499\/revisions"}],"predecessor-version":[{"id":3040,"href":"https:\/\/www.gebroedersmichiels.be\/de\/wp-json\/wp\/v2\/pages\/2499\/revisions\/3040"}],"wp:attachment":[{"href":"https:\/\/www.gebroedersmichiels.be\/de\/wp-json\/wp\/v2\/media?parent=2499"}],"curies":[{"name":"wp","href":"https:\/\/api.w.org\/{rel}","templated":true}]}}